{"id":8391,"date":"2016-08-16T23:47:07","date_gmt":"2016-08-16T23:47:07","guid":{"rendered":"http:\/\/totaltheme.wpengine.com\/vanilla\/?page_id=2"},"modified":"2016-08-16T23:47:07","modified_gmt":"2016-08-16T23:47:07","slug":"home","status":"publish","type":"page","link":"https:\/\/pennlagret.se\/","title":{"rendered":"Home"},"content":{"rendered":"<div class=\"wpb-content-wrapper\">[vc_row full_width=&#8221;stretch_row&#8221; parallax=&#8221;content-moving&#8221; parallax_image=&#8221;8390&#8243; css=&#8221;.vc_custom_1771494766098{padding-top: 120px !important;padding-bottom: 120px !important;background-position: center;background-repeat: no-repeat !important;background-size: cover !important;}&#8221; wpex_bg_overlay=&#8221;dark&#8221; wpex_bg_overlay_color=&#8221;#010101&#8243; wpex_bg_overlay_opacity=&#8221;65%&#8221; wpex_bg_overlay_blend=&#8221;darken&#8221;][vc_column][vc_column_text css=&#8221;&#8221; text_align=&#8221;center&#8221; font_weight=&#8221;600&#8243; color=&#8221;#ffffff&#8221; font_size=&#8221;d:48px|tp:32px&#8221; line_height=&#8221;1.2&#8243;]PENNJOURNALEN[\/vc_column_text]<div class=\"vcex-spacing wpex-w-100 wpex-clear\"><\/div><style>.vcex-heading.vcex_6a0120f5f1125{color:#e8e8e8;font-size:28px;font-weight:500;line-height:1.2;}@media (max-width:479px){.vcex-heading.vcex_6a0120f5f1125{font-size:20px;}}<\/style><div class=\"vcex-heading vcex-heading-plain vcex-module wpex-heading wpex-text-2xl wpex-text-center vcex_6a0120f5f1125\"><span class=\"vcex-heading-inner wpex-inline-block\">N\u00e4r varje ord f\u00f6rtj\u00e4nar en vacker penna<\/span><\/div>[\/vc_column][\/vc_row][vc_row full_width=&#8221;stretch_row&#8221; remove_bottom_col_margin=&#8221;true&#8221; css=&#8221;.vc_custom_1770561253670{padding-top: 40px !important;padding-bottom: 40px !important;background: #D3D3D3 url(http:\/\/digicamguide.com\/wp-content\/uploads\/2016\/09\/testimonials.jpg?id=28) !important;background-position: center !important;background-repeat: no-repeat !important;background-size: cover !important;}&#8221;][vc_column css=&#8221;.vc_custom_1585607769971{border-radius: 30px !important;}&#8221;]<style>.vcex-heading.vcex_6a0120f5f2093{font-size:24px;font-weight:400;line-height:1.2;}@media (max-width:479px){.vcex-heading.vcex_6a0120f5f2093{font-size:18px;}}<\/style><div class=\"vcex-heading vcex-heading-plain vcex-module wpex-heading wpex-text-2xl wpex-text-center vcex_6a0120f5f2093\"><span class=\"vcex-heading-inner wpex-inline-block\">Pennjournalen visar uppskattning till den handskrivna konsten i v\u00e5r digitala v\u00e4rld.<br \/>\nVi utforskar pennor, tillbeh\u00f6r och skrivstilar fr\u00e5n klassiskt till exklusivt.<\/span><\/div>[\/vc_column][\/vc_row][vc_row full_width=&#8221;stretch_row&#8221; disable_element=&#8221;yes&#8221; remove_bottom_col_margin=&#8221;true&#8221; css=&#8221;.vc_custom_1770561368481{padding-top: 40px !important;padding-bottom: 40px !important;background-image: url(http:\/\/digicamguide.com\/wp-content\/uploads\/2016\/09\/testimonials.jpg?id=28) !important;background-position: center !important;background-repeat: no-repeat !important;background-size: cover !important;}&#8221;][vc_column css=&#8221;.vc_custom_1585607769971{border-radius: 30px !important;}&#8221;]<div class=\"vcex-spacing wpex-w-100 wpex-clear\" style=\"height:10px;\"><\/div><style>.vcex-heading.vcex_6a0120f5f2465{color:#444444;font-size:30px;}<\/style><div class=\"vcex-heading vcex-heading-plain vcex-module wpex-heading wpex-text-2xl wpex-text-center vcex_6a0120f5f2465\"><span class=\"vcex-heading-inner wpex-inline-block\">Uppskatta skrivandets konst, lugn och sk\u00f6nhet<\/span><\/div>[\/vc_column][\/vc_row][vc_row css=&#8221;.vc_custom_1770557689361{margin-top: 50px !important;padding-top: 10px !important;padding-bottom: 50px !important;}&#8221;][vc_column width=&#8221;1\/3&#8243;]<style>.vcex-icon-box.vcex_6a0120f5f2ac6 .vcex-icon-box-heading{font-size:18px;font-weight:600;}.vcex-icon-box.vcex_6a0120f5f2ac6 .vcex-icon-box-icon{font-size:45px;color:#003646;}<\/style><div class=\"vcex-module vcex-icon-box vcex-icon-box-four wpex-block wpex-text-center wpex-p-30 wpex-bordered vc_custom_1770567115750 vcex_6a0120f5f2ac6\"><div class=\"vcex-icon-box-symbol vcex-icon-box-symbol--icon wpex-mb-20\"><div class=\"vcex-icon-box-icon wpex-items-center wpex-justify-center wpex-child-inherit-color wpex-text-center wpex-leading-none wpex-inline-flex wpex-text-1\"><span class=\"wpex-flex fa fa-solid fa-pen-nib\" aria-hidden=\"true\"><\/span><\/div><\/div><div class=\"vcex-icon-box-text\"><h2 class=\"vcex-icon-box-heading wpex-heading wpex-mb-10\">SKRIVUTRUSTNING<\/h2><div class=\"vcex-icon-box-content wpex-last-mb-0 wpex-clr\">Vad inneb\u00e4r det egentligen att anv\u00e4nda sig av riktigt utrustning n\u00e4r man skriver? P\u00e5verkar det egentligen din skrift och mening? Att v\u00e4lja r\u00e4tt kan vara sv\u00e5rt i b\u00f6rjan<\/div><\/div><\/div>[\/vc_column][vc_column width=&#8221;1\/3&#8243;]<style>.vcex-icon-box.vcex_6a0120f5f33a2 .vcex-icon-box-heading{font-size:18px;font-weight:600;}.vcex-icon-box.vcex_6a0120f5f33a2 .vcex-icon-box-icon{font-size:45px;color:#003646;}<\/style><div class=\"vcex-module vcex-icon-box vcex-icon-box-four wpex-block wpex-text-center wpex-p-30 wpex-bordered vc_custom_1770567124920 vcex_6a0120f5f33a2\"><div class=\"vcex-icon-box-symbol vcex-icon-box-symbol--icon wpex-mb-20\"><div class=\"vcex-icon-box-icon wpex-items-center wpex-justify-center wpex-child-inherit-color wpex-text-center wpex-leading-none wpex-inline-flex wpex-text-1\"><span class=\"wpex-flex fa fa-solid fa-book-bookmark\" aria-hidden=\"true\"><\/span><\/div><\/div><div class=\"vcex-icon-box-text\"><h2 class=\"vcex-icon-box-heading wpex-heading wpex-mb-10\">MYCKET BRA ATT HA<\/h2><div class=\"vcex-icon-box-content wpex-last-mb-0 wpex-clr\">Som med mycket annat s\u00e5 v\u00e4xer v\u00e5rt behov och beg\u00e4r med v\u00e5rt intresse, men vad beh\u00f6ver vi verkligen? och vad \u00e4r det som g\u00f6r vi vill ha s\u00e5dant vi egentligen inte beh\u00f6ver?<\/div><\/div><\/div>[\/vc_column][vc_column width=&#8221;1\/3&#8243;]<style>.vcex-icon-box.vcex_6a0120f5f3758 .vcex-icon-box-heading{font-size:18px;font-weight:600;}.vcex-icon-box.vcex_6a0120f5f3758 .vcex-icon-box-icon{font-size:45px;color:#003646;}<\/style><div class=\"vcex-module vcex-icon-box vcex-icon-box-four wpex-block wpex-text-center wpex-p-30 wpex-bordered vc_custom_1770567135523 vcex_6a0120f5f3758\"><div class=\"vcex-icon-box-symbol vcex-icon-box-symbol--icon wpex-mb-20\"><div class=\"vcex-icon-box-icon wpex-items-center wpex-justify-center wpex-child-inherit-color wpex-text-center wpex-leading-none wpex-inline-flex wpex-text-1\"><span class=\"wpex-flex fa fa-solid fa-envelope-open-text\" aria-hidden=\"true\"><\/span><\/div><\/div><div class=\"vcex-icon-box-text\"><h2 class=\"vcex-icon-box-heading wpex-heading wpex-mb-10\">KONSTEN ATT SKRIVA<\/h2><div class=\"vcex-icon-box-content wpex-last-mb-0 wpex-clr\">Att skriva f\u00f6r hand inneb\u00e4r att godta den stil man har och acceptera misstagen, det g\u00f6r din text personlig och \u00e5terspeglar dina k\u00e4nslor i skrivandets stund. L\u00e4r dig bli bekv\u00e4m med din egen stil<\/div><\/div><\/div>[\/vc_column][\/vc_row][vc_row full_width=&#8221;stretch_row&#8221; content_placement=&#8221;middle&#8221; parallax=&#8221;content-moving&#8221; parallax_image=&#8221;8390&#8243; css=&#8221;.vc_custom_1771494818212{padding-top: 120px !important;padding-bottom: 80px !important;background-color: #003646 !important;background-position: center;background-repeat: no-repeat !important;background-size: cover !important;}&#8221; wpex_bg_overlay=&#8221;dark&#8221; wpex_bg_overlay_blend=&#8221;darken&#8221; wpex_bg_overlay_color=&#8221;#040404&#8243;][vc_column width=&#8221;1\/3&#8243;]<style>.vcex-milestone.vcex_6a0120f5f3b10 .vcex-milestone-number{color:#ffffff;}.vcex-milestone.vcex_6a0120f5f3b10 .vcex-milestone-caption{color:#ffffff;}<\/style><div class=\"vcex-module vcex-milestone wpex-text-center vcex_6a0120f5f3b10\"><div class=\"vcex-milestone-inner wpex-inline-block\"><div class=\"vcex-milestone-desc\"><div class=\"vcex-milestone-number wpex-leading-none wpex-font-semibold\"><span class=\"vcex-milestone-time vcex-countup\" data-options=\"{&quot;startVal&quot;:0,&quot;endVal&quot;:32,&quot;duration&quot;:2.5,&quot;decimals&quot;:0,&quot;separator&quot;:&quot;,&quot;,&quot;decimal&quot;:&quot;.&quot;,&quot;animateOnScroll&quot;:false}\" aria-hidden=\"true\">0<\/span><span class=\"screen-reader-text\">32<\/span><\/div><div class=\"vcex-milestone-caption wpex-mt-5 wpex-text-lg\">RECENSIONER<\/div><\/div><\/div><\/div>[\/vc_column][vc_column width=&#8221;1\/3&#8243;]<style>.vcex-milestone.vcex_6a0120f5f3ed7 .vcex-milestone-number{color:#ffffff;}.vcex-milestone.vcex_6a0120f5f3ed7 .vcex-milestone-caption{color:#ffffff;}<\/style><div class=\"vcex-module vcex-milestone wpex-text-center vcex_6a0120f5f3ed7\"><div class=\"vcex-milestone-inner wpex-inline-block\"><div class=\"vcex-milestone-desc\"><div class=\"vcex-milestone-number wpex-leading-none wpex-font-semibold\"><span class=\"vcex-milestone-time vcex-countup\" data-options=\"{&quot;startVal&quot;:0,&quot;endVal&quot;:12,&quot;duration&quot;:2.5,&quot;decimals&quot;:0,&quot;separator&quot;:&quot;,&quot;,&quot;decimal&quot;:&quot;.&quot;,&quot;animateOnScroll&quot;:false}\" aria-hidden=\"true\">0<\/span><span class=\"screen-reader-text\">12<\/span><\/div><div class=\"vcex-milestone-caption wpex-mt-5 wpex-text-lg\">PENNOR<\/div><\/div><\/div><\/div>[\/vc_column][vc_column width=&#8221;1\/3&#8243;]<style>.vcex-milestone.vcex_6a0120f5f40f0 .vcex-milestone-number{color:#ffffff;}.vcex-milestone.vcex_6a0120f5f40f0 .vcex-milestone-caption{color:#ffffff;}<\/style><div class=\"vcex-module vcex-milestone wpex-text-center vcex_6a0120f5f40f0\"><div class=\"vcex-milestone-inner wpex-inline-block\"><div class=\"vcex-milestone-desc\"><div class=\"vcex-milestone-number wpex-leading-none wpex-font-semibold\"><span class=\"vcex-milestone-time vcex-countup\" data-options=\"{&quot;startVal&quot;:0,&quot;endVal&quot;:18,&quot;duration&quot;:2.5,&quot;decimals&quot;:0,&quot;separator&quot;:&quot;,&quot;,&quot;decimal&quot;:&quot;.&quot;,&quot;animateOnScroll&quot;:false}\" aria-hidden=\"true\">0<\/span><span class=\"screen-reader-text\">18<\/span><\/div><div class=\"vcex-milestone-caption wpex-mt-5 wpex-text-lg\">ARTIKLAR<\/div><\/div><\/div><\/div>[\/vc_column][\/vc_row][vc_row css=&#8221;.vc_custom_1770574178196{margin-top: 35px !important;}&#8221;][vc_column][vc_row_inner][vc_column_inner]<div class=\"vcex-spacing wpex-w-100 wpex-clear\" style=\"height:35px;\"><\/div><style>.vcex-heading.vcex_6a0120f600182 .vcex-heading-inner{border-color:#003646;}.vcex-heading.vcex_6a0120f600182{font-size:28px;}<\/style><h2 class=\"vcex-heading vcex-heading-bottom-border-w-color vcex-module wpex-heading wpex-text-2xl wpex-text-center wpex-border-b-2 wpex-border-solid wpex-border-main vcex_6a0120f600182\"><span class=\"vcex-heading-inner wpex-inline-block wpex-relative wpex-pb-5 wpex-border-b-2 wpex-border-solid wpex-border-accent\">V\u00e4lkommen till PennJournalen<\/span><\/h2>[\/vc_column_inner][\/vc_row_inner][vc_row_inner][vc_column_inner width=&#8221;1\/2&#8243;][vc_column_text css=&#8221;&#8221; width=&#8221;780px&#8221; font_size=&#8221;16px&#8221;]Mitt namn \u00e4r Johnny.<\/p>\n<p>Tack f\u00f6r att du bes\u00f6ker min sida som handlar om min \u00e5terfunna passion, n\u00e4mligen konsten att skriva vackert f\u00f6r hand. Men inte bara skrivandet utan ochs\u00e5 d\u00e4r jag j\u00e4mf\u00f6r och testar en m\u00e4ngd olika pennor f\u00f6r att hj\u00e4lpa dig avg\u00f6ra vilken som passar just ditt behov och budget.<\/p>\n<p>H\u00e4r hittar du en massa artiklar om skrivandet, omd\u00f6me och ber\u00e4ttelser om de olika typer av pennor som finns i alla olika prisklasser. Jag str\u00e4var efter att hj\u00e4lpa dig hitta just den pennan som passar din stil, budget och behov.<\/p>\n<p>Efter jag \u00e5terupptog mitt handskrivande har jag f\u00e5tt massa kommentarer fr\u00e5n andra om hur denna nobla konst f\u00f6rsvunnit ur deras liv.<\/p>\n<p>T\u00e4nk p\u00e5 att det dyraste \u00e4r inte alltid det b\u00e4sta..<\/p>\n<p><em><strong>&#8211; Johnny<\/strong><\/em>[\/vc_column_text][\/vc_column_inner][vc_column_inner width=&#8221;1\/2&#8243;]<figure class=\"vcex-image vcex-module\"><div class=\"vcex-image-inner wpex-relative wpex-inline-block\"><img width=\"2325\" height=\"2250\" src=\"https:\/\/pennlagret.se\/wp-content\/uploads\/2026\/02\/dji_mimo_20231224_113126_600_1703413950805_photo.jpg\" class=\"vcex-image-img wpex-align-middle\" alt=\"\" loading=\"lazy\" decoding=\"async\" srcset=\"https:\/\/pennlagret.se\/wp-content\/uploads\/2026\/02\/dji_mimo_20231224_113126_600_1703413950805_photo.jpg 2325w, https:\/\/pennlagret.se\/wp-content\/uploads\/2026\/02\/dji_mimo_20231224_113126_600_1703413950805_photo-300x290.jpg 300w, https:\/\/pennlagret.se\/wp-content\/uploads\/2026\/02\/dji_mimo_20231224_113126_600_1703413950805_photo-1024x991.jpg 1024w, https:\/\/pennlagret.se\/wp-content\/uploads\/2026\/02\/dji_mimo_20231224_113126_600_1703413950805_photo-768x743.jpg 768w, https:\/\/pennlagret.se\/wp-content\/uploads\/2026\/02\/dji_mimo_20231224_113126_600_1703413950805_photo-1536x1486.jpg 1536w, https:\/\/pennlagret.se\/wp-content\/uploads\/2026\/02\/dji_mimo_20231224_113126_600_1703413950805_photo-2048x1982.jpg 2048w\" sizes=\"auto, (max-width: 2325px) 100vw, 2325px\" \/><\/div><\/figure>[\/vc_column_inner][\/vc_row_inner][\/vc_column][\/vc_row][vc_row full_width=&#8221;stretch_row&#8221; content_placement=&#8221;middle&#8221; parallax=&#8221;content-moving&#8221; parallax_image=&#8221;8390&#8243; css=&#8221;.vc_custom_1771494844015{padding-top: 120px !important;padding-bottom: 80px !important;background-position: center;background-repeat: no-repeat !important;background-size: cover !important;}&#8221; wpex_bg_overlay=&#8221;color&#8221; wpex_bg_overlay_blend=&#8221;darken&#8221; wpex_bg_overlay_color=&#8221;#090909&#8243; wpex_bg_overlay_opacity=&#8221;65%&#8221;][vc_column]<style>.vcex-heading.vcex_6a0120f6024c2{color:#e8e8e8;font-size:28px;font-weight:500;text-transform:uppercase;line-height:1.2;}@media (max-width:479px){.vcex-heading.vcex_6a0120f6024c2{font-size:20px;}}<\/style><div class=\"vcex-heading vcex-heading-plain vcex-module wpex-heading wpex-text-2xl wpex-text-center vcex_6a0120f6024c2\"><span class=\"vcex-heading-inner wpex-inline-block\">Har du f\u00f6rslag p\u00e5 en penna ?<\/span><\/div><div class=\"vcex-spacing wpex-w-100 wpex-clear\"><\/div><style>.vcex-heading.vcex_6a0120f6027e6{color:#eaeaea;font-size:24px;font-weight:400;line-height:1.2;}@media (max-width:479px){.vcex-heading.vcex_6a0120f6027e6{font-size:18px;}}<\/style><div class=\"vcex-heading vcex-heading-plain vcex-module wpex-heading wpex-text-2xl wpex-text-center vcex_6a0120f6027e6\"><span class=\"vcex-heading-inner wpex-inline-block\">Kanske har du ett \u00f6ga p\u00e5 en penna du g\u00e4rna vill veta mera om?<br \/>\nH\u00f6r av dig till mig s\u00e5 ska jag se om det finns m\u00f6jlighet att anskaffa den och g\u00f6ra en recension.<\/span><\/div>[\/vc_column][\/vc_row][vc_row disable_element=&#8221;yes&#8221; css=&#8221;.vc_custom_1762881367669{padding-bottom: 35px !important;}&#8221;][vc_column width=&#8221;1\/4&#8243;]<style>.vcex-icon-box.vcex_6a0120f602b70 .vcex-icon-box-heading{font-size:18px;}.vcex-icon-box.vcex_6a0120f602b70 .vcex-icon-box-icon{font-size:100px;}<\/style><div class=\"vcex-module vcex-icon-box vcex-icon-box-two wpex-block wpex-text-center vcex_6a0120f602b70\"><div class=\"vcex-icon-box-symbol vcex-icon-box-symbol--image wpex-mb-20\"><img width=\"100\" height=\"100\" src=\"https:\/\/pennlagret.se\/wp-content\/uploads\/2016\/08\/diamond.png\" class=\"vcex-icon-box-image wpex-align-middle\" alt=\"\" loading=\"lazy\" decoding=\"async\" \/><\/div><div class=\"vcex-icon-box-text\"><h3 class=\"vcex-icon-box-heading wpex-heading wpex-mb-10\">Design Projects<\/h3><div class=\"vcex-icon-box-content wpex-last-mb-0 wpex-clr\">Lorem ipsum dolor sit amet, consectetur adipiscing elit. Ut elit tellus, luctus nec ullamcorper.<\/div><\/div><\/div>[\/vc_column][vc_column width=&#8221;1\/4&#8243;]<style>.vcex-icon-box.vcex_6a0120f60318e .vcex-icon-box-heading{font-size:18px;}.vcex-icon-box.vcex_6a0120f60318e .vcex-icon-box-icon{font-size:100px;}<\/style><div class=\"vcex-module vcex-icon-box vcex-icon-box-two wpex-block wpex-text-center vcex_6a0120f60318e\"><div class=\"vcex-icon-box-symbol vcex-icon-box-symbol--image wpex-mb-20\"><img width=\"100\" height=\"100\" src=\"https:\/\/pennlagret.se\/wp-content\/uploads\/2016\/08\/bullseye.png\" class=\"vcex-icon-box-image wpex-align-middle\" alt=\"\" loading=\"lazy\" decoding=\"async\" \/><\/div><div class=\"vcex-icon-box-text\"><h3 class=\"vcex-icon-box-heading wpex-heading wpex-mb-10\">Winning Strategies<\/h3><div class=\"vcex-icon-box-content wpex-last-mb-0 wpex-clr\">Lorem ipsum dolor sit amet, consectetur adipiscing elit. Ut elit tellus, luctus nec ullamcorper.<\/div><\/div><\/div>[\/vc_column][vc_column width=&#8221;1\/4&#8243;]<style>.vcex-icon-box.vcex_6a0120f603766 .vcex-icon-box-heading{font-size:18px;}.vcex-icon-box.vcex_6a0120f603766 .vcex-icon-box-icon{font-size:100px;}<\/style><div class=\"vcex-module vcex-icon-box vcex-icon-box-two wpex-block wpex-text-center vcex_6a0120f603766\"><div class=\"vcex-icon-box-symbol vcex-icon-box-symbol--image wpex-mb-20\"><img width=\"100\" height=\"100\" src=\"https:\/\/pennlagret.se\/wp-content\/uploads\/2016\/08\/toggles.png\" class=\"vcex-icon-box-image wpex-align-middle\" alt=\"\" loading=\"lazy\" decoding=\"async\" \/><\/div><div class=\"vcex-icon-box-text\"><h3 class=\"vcex-icon-box-heading wpex-heading wpex-mb-10\">Track Analytics<\/h3><div class=\"vcex-icon-box-content wpex-last-mb-0 wpex-clr\">Lorem ipsum dolor sit amet, consectetur adipiscing elit. Ut elit tellus, luctus nec ullamcorper.<\/div><\/div><\/div>[\/vc_column][vc_column width=&#8221;1\/4&#8243;]<style>.vcex-icon-box.vcex_6a0120f603d93 .vcex-icon-box-heading{font-size:18px;}.vcex-icon-box.vcex_6a0120f603d93 .vcex-icon-box-icon{font-size:100px;}<\/style><div class=\"vcex-module vcex-icon-box vcex-icon-box-two wpex-block wpex-text-center vcex_6a0120f603d93\"><div class=\"vcex-icon-box-symbol vcex-icon-box-symbol--image wpex-mb-20\"><img width=\"100\" height=\"100\" src=\"https:\/\/pennlagret.se\/wp-content\/uploads\/2016\/08\/heartchat.png\" class=\"vcex-icon-box-image wpex-align-middle\" alt=\"\" loading=\"lazy\" decoding=\"async\" \/><\/div><div class=\"vcex-icon-box-text\"><h3 class=\"vcex-icon-box-heading wpex-heading wpex-mb-10\">Client Management<\/h3><div class=\"vcex-icon-box-content wpex-last-mb-0 wpex-clr\">Lorem ipsum dolor sit amet, consectetur adipiscing elit. Ut elit tellus, luctus nec ullamcorper.<\/div><\/div><\/div>[\/vc_column][\/vc_row][vc_row css=&#8221;.vc_custom_1770574188139{padding-top: 60px !important;}&#8221;][vc_column]<style>.vcex-heading.vcex_6a0120f6042e3 .vcex-heading-inner{border-color:#003646;}.vcex-heading.vcex_6a0120f6042e3{font-size:36px;}<\/style><h2 class=\"vcex-heading vcex-heading-bottom-border-w-color vcex-module wpex-heading wpex-text-2xl wpex-text-center wpex-border-b-2 wpex-border-solid wpex-border-main vcex_6a0120f6042e3\"><span class=\"vcex-heading-inner wpex-inline-block wpex-relative wpex-pb-5 wpex-border-b-2 wpex-border-solid wpex-border-accent\">Senaste recensioner<\/span><\/h2><div class=\"vcex-spacing wpex-w-100 wpex-clear\" style=\"height:20px;\"><\/div><div class=\"wpex-post-cards wpex-post-cards-template_7909 wpex-relative\"><div class=\"wpex-post-cards-inner\"><div class=\"wpex-post-cards-loop wpex-post-cards-grid wpex-row wpex-clr\"><div class=\"wpex-post-cards-entry col col-1 span_1_of_3 post-8152 type-post cat-8 cat-4\"><div class=\"wpex-card wpex-card-template_7909\"><a href=\"https:\/\/pennlagret.se\/?p=8152\" aria-label=\"Montblanc Bl\u00e4ckpatroner\" class=\"wpex-card-inner wpex-no-underline wpex-inherit-color\"><div class=\"vc_row wpb_row vc_row-fluid wpex-relative\"><div class=\"wpb_column vc_column_container vc_col-sm-12\"><div class=\"vc_column-inner\"><div class=\"wpb_wrapper\"><figure class=\"vcex-image vcex-module\"><div class=\"vcex-image-inner wpex-relative wpex-inline-block\"><span href=\"https:\/\/pennlagret.se\/?p=8152\"><img loading=\"lazy\" class=\"vcex-image-img wpex-align-middle\" decoding=\"async\" src=\"https:\/\/pennlagret.se\/wp-content\/uploads\/2016\/08\/work-1200x800.jpg\" alt=\"\" srcset=\"https:\/\/pennlagret.se\/wp-content\/uploads\/2016\/08\/work-1200x800.jpg 1200w, https:\/\/pennlagret.se\/wp-content\/uploads\/2016\/08\/work-300x200.jpg 300w, https:\/\/pennlagret.se\/wp-content\/uploads\/2016\/08\/work-1024x683.jpg 1024w, https:\/\/pennlagret.se\/wp-content\/uploads\/2016\/08\/work-768x512.jpg 768w, https:\/\/pennlagret.se\/wp-content\/uploads\/2016\/08\/work-1536x1024.jpg 1536w, https:\/\/pennlagret.se\/wp-content\/uploads\/2016\/08\/work.jpg 1600w\" width=\"1200\" height=\"800\"><\/span><\/div><\/figure><div class=\"vcex-spacing wpex-w-100 wpex-clear\" style=\"height:15px;\"><\/div><style>.vcex-heading.vcex_6a0120f609119{font-size:17px;font-weight:600;}<\/style><div class=\"vcex-heading vcex-heading-plain vcex-module wpex-heading wpex-text-2xl vcex_6a0120f609119\"><span class=\"vcex-heading-inner wpex-inline-block\">Montblanc Bl\u00e4ckpatroner<\/span><\/div><div class=\"vcex-spacing wpex-w-100 wpex-clear\" style=\"height:10px;\"><\/div><\/div><\/div><\/div><\/div><\/a><\/div><\/div><div class=\"wpex-post-cards-entry col col-2 span_1_of_3 post-8150 type-post cat-8 cat-4\"><div class=\"wpex-card wpex-card-template_7909\"><a href=\"https:\/\/pennlagret.se\/?p=8150\" aria-label=\"Parker Bl\u00e4ckpatroner\" class=\"wpex-card-inner wpex-no-underline wpex-inherit-color\"><div class=\"vc_row wpb_row vc_row-fluid wpex-relative\"><div class=\"wpb_column vc_column_container vc_col-sm-12\"><div class=\"vc_column-inner\"><div class=\"wpb_wrapper\"><figure class=\"vcex-image vcex-module\"><div class=\"vcex-image-inner wpex-relative wpex-inline-block\"><span href=\"https:\/\/pennlagret.se\/?p=8150\"><img loading=\"lazy\" class=\"vcex-image-img wpex-align-middle\" decoding=\"async\" src=\"https:\/\/pennlagret.se\/wp-content\/uploads\/2017\/08\/businessplan-1200x800.jpg\" alt=\"\" srcset=\"https:\/\/pennlagret.se\/wp-content\/uploads\/2017\/08\/businessplan-1200x800.jpg 1200w, https:\/\/pennlagret.se\/wp-content\/uploads\/2017\/08\/businessplan-300x200.jpg 300w, https:\/\/pennlagret.se\/wp-content\/uploads\/2017\/08\/businessplan-1024x684.jpg 1024w, https:\/\/pennlagret.se\/wp-content\/uploads\/2017\/08\/businessplan-768x513.jpg 768w, https:\/\/pennlagret.se\/wp-content\/uploads\/2017\/08\/businessplan-1536x1025.jpg 1536w, https:\/\/pennlagret.se\/wp-content\/uploads\/2017\/08\/businessplan.jpg 1600w\" width=\"1200\" height=\"800\"><\/span><\/div><\/figure><div class=\"vcex-spacing wpex-w-100 wpex-clear\" style=\"height:15px;\"><\/div><style>.vcex-heading.vcex_6a0120f60aaca{font-size:17px;font-weight:600;}<\/style><div class=\"vcex-heading vcex-heading-plain vcex-module wpex-heading wpex-text-2xl vcex_6a0120f60aaca\"><span class=\"vcex-heading-inner wpex-inline-block\">Parker Bl\u00e4ckpatroner<\/span><\/div><div class=\"vcex-spacing wpex-w-100 wpex-clear\" style=\"height:10px;\"><\/div><\/div><\/div><\/div><\/div><\/a><\/div><\/div><div class=\"wpex-post-cards-entry col col-3 span_1_of_3 post-8148 type-post cat-9 cat-4\"><div class=\"wpex-card wpex-card-template_7909\"><a href=\"https:\/\/pennlagret.se\/?p=8148\" aria-label=\"Pelikan M200 Ballpointpen\" class=\"wpex-card-inner wpex-no-underline wpex-inherit-color\"><div class=\"vc_row wpb_row vc_row-fluid wpex-relative\"><div class=\"wpb_column vc_column_container vc_col-sm-12\"><div class=\"vc_column-inner\"><div class=\"wpb_wrapper\"><figure class=\"vcex-image vcex-module\"><div class=\"vcex-image-inner wpex-relative wpex-inline-block\"><span href=\"https:\/\/pennlagret.se\/?p=8148\"><img loading=\"lazy\" class=\"vcex-image-img wpex-align-middle\" decoding=\"async\" src=\"https:\/\/pennlagret.se\/wp-content\/uploads\/2017\/08\/legal-1200x800.jpg\" alt=\"\" srcset=\"https:\/\/pennlagret.se\/wp-content\/uploads\/2017\/08\/legal-1200x800.jpg 1200w, https:\/\/pennlagret.se\/wp-content\/uploads\/2017\/08\/legal-300x200.jpg 300w, https:\/\/pennlagret.se\/wp-content\/uploads\/2017\/08\/legal-1024x684.jpg 1024w, https:\/\/pennlagret.se\/wp-content\/uploads\/2017\/08\/legal-768x513.jpg 768w, https:\/\/pennlagret.se\/wp-content\/uploads\/2017\/08\/legal-1536x1025.jpg 1536w, https:\/\/pennlagret.se\/wp-content\/uploads\/2017\/08\/legal.jpg 1600w\" width=\"1200\" height=\"800\"><\/span><\/div><\/figure><div class=\"vcex-spacing wpex-w-100 wpex-clear\" style=\"height:15px;\"><\/div><style>.vcex-heading.vcex_6a0120f60b777{font-size:17px;font-weight:600;}<\/style><div class=\"vcex-heading vcex-heading-plain vcex-module wpex-heading wpex-text-2xl vcex_6a0120f60b777\"><span class=\"vcex-heading-inner wpex-inline-block\">Pelikan M200 Ballpointpen<\/span><\/div><div class=\"vcex-spacing wpex-w-100 wpex-clear\" style=\"height:10px;\"><\/div><\/div><\/div><\/div><\/div><\/a><\/div><\/div><\/div><\/div><\/div>[\/vc_column][\/vc_row][vc_row][vc_column][\/vc_column][\/vc_row][vc_row full_width=&#8221;stretch_row_content_no_spaces&#8221; column_spacing=&#8221;0px&#8221; disable_element=&#8221;yes&#8221;][vc_column][vc_column_text][vcex_portfolio_grid grid_style=&#8221;no_margins&#8221; columns=&#8221;4&#8243; equal_heights_grid=&#8221;true&#8221; featured_video=&#8221;false&#8221; thumb_link=&#8221;lightbox&#8221; img_size=&#8221;portfolio_entry&#8221; thumb_lightbox_gallery=&#8221;true&#8221; title=&#8221;false&#8221; excerpt=&#8221;false&#8221; read_more=&#8221;false&#8221; columns_gap=&#8221;none&#8221; overlay_style=&#8221;plus-hover&#8221; img_hover_style=&#8221;grow&#8221;][\/vc_column_text][\/vc_column][\/vc_row]\n<\/div>","protected":false},"excerpt":{"rendered":"","protected":false},"author":1,"featured_media":0,"parent":0,"menu_order":0,"comment_status":"closed","ping_status":"closed","template":"","meta":{"footnotes":""},"class_list":["post-8391","page","type-page","status-publish","hentry","entry","has-media"],"_links":{"self":[{"href":"https:\/\/pennlagret.se\/index.php?rest_route=\/wp\/v2\/pages\/8391","targetHints":{"allow":["GET"]}}],"collection":[{"href":"https:\/\/pennlagret.se\/index.php?rest_route=\/wp\/v2\/pages"}],"about":[{"href":"https:\/\/pennlagret.se\/index.php?rest_route=\/wp\/v2\/types\/page"}],"author":[{"embeddable":true,"href":"https:\/\/pennlagret.se\/index.php?rest_route=\/wp\/v2\/users\/1"}],"replies":[{"embeddable":true,"href":"https:\/\/pennlagret.se\/index.php?rest_route=%2Fwp%2Fv2%2Fcomments&post=8391"}],"version-history":[{"count":0,"href":"https:\/\/pennlagret.se\/index.php?rest_route=\/wp\/v2\/pages\/8391\/revisions"}],"wp:attachment":[{"href":"https:\/\/pennlagret.se\/index.php?rest_route=%2Fwp%2Fv2%2Fmedia&parent=8391"}],"curies":[{"name":"wp","href":"https:\/\/api.w.org\/{rel}","templated":true}]}}